{"id":9,"date":"2019-12-25T14:08:22","date_gmt":"2019-12-25T14:08:22","guid":{"rendered":"https:\/\/bridge307.qodeinteractive.com\/?page_id=9"},"modified":"2024-02-29T14:18:27","modified_gmt":"2024-02-29T14:18:27","slug":"contact","status":"publish","type":"page","link":"https:\/\/espa-art.com\/en\/contact\/","title":{"rendered":"Contact"},"content":{"rendered":"\t\t<div data-elementor-type=\"wp-page\" data-elementor-id=\"9\" class=\"elementor elementor-9\">\n\t\t\t\t\t\t<section class=\"elementor-section elementor-top-section elementor-element elementor-element-17802bc elementor-section-full_width elementor-section-height-default elementor-section-height-default parallax_section_no qode_elementor_container_no\" data-id=\"17802bc\" data-element_type=\"section\" data-e-type=\"section\">\n\t\t\t\t\t\t<div class=\"elementor-container elementor-column-gap-default\">\n\t\t\t\t\t<div class=\"elementor-column elementor-col-100 elementor-top-column elementor-element elementor-element-40f31a6\" data-id=\"40f31a6\" data-element_type=\"column\" data-e-type=\"column\">\n\t\t\t<div class=\"elementor-widget-wrap elementor-element-populated\">\n\t\t\t\t\t\t<div class=\"elementor-element elementor-element-1266b88 elementor-widget elementor-widget-image\" data-id=\"1266b88\" data-element_type=\"widget\" data-e-type=\"widget\" data-widget_type=\"image.default\">\n\t\t\t\t<div class=\"elementor-widget-container\">\n\t\t\t\t\t\t\t\t\t\t\t\t\t\t\t<img fetchpriority=\"high\" decoding=\"async\" width=\"2560\" height=\"1763\" src=\"https:\/\/espa-art.com\/wp-content\/uploads\/2022\/03\/Mientras-duermes-scaled.jpg\" class=\"attachment-full size-full wp-image-493\" alt=\"\" srcset=\"https:\/\/espa-art.com\/wp-content\/uploads\/2022\/03\/Mientras-duermes-scaled.jpg 2560w, https:\/\/espa-art.com\/wp-content\/uploads\/2022\/03\/Mientras-duermes-300x207.jpg 300w, https:\/\/espa-art.com\/wp-content\/uploads\/2022\/03\/Mientras-duermes-1024x705.jpg 1024w, https:\/\/espa-art.com\/wp-content\/uploads\/2022\/03\/Mientras-duermes-768x529.jpg 768w, https:\/\/espa-art.com\/wp-content\/uploads\/2022\/03\/Mientras-duermes-1536x1058.jpg 1536w, https:\/\/espa-art.com\/wp-content\/uploads\/2022\/03\/Mientras-duermes-2048x1411.jpg 2048w, https:\/\/espa-art.com\/wp-content\/uploads\/2022\/03\/Mientras-duermes-700x482.jpg 700w, https:\/\/espa-art.com\/wp-content\/uploads\/2022\/03\/Mientras-duermes-1320x909.jpg 1320w, https:\/\/espa-art.com\/wp-content\/uploads\/2022\/03\/Mientras-duermes-600x413.jpg 600w\" sizes=\"(max-width: 2560px) 100vw, 2560px\" \/>\t\t\t\t\t\t\t\t\t\t\t\t\t\t\t<\/div>\n\t\t\t\t<\/div>\n\t\t\t\t\t<\/div>\n\t\t<\/div>\n\t\t\t\t\t<\/div>\n\t\t<\/section>\n\t\t\t\t<section class=\"elementor-section elementor-top-section elementor-element elementor-element-95a50d3 elementor-section-full_width elementor-section-height-default elementor-section-height-default parallax_section_no qode_elementor_container_no\" data-id=\"95a50d3\" data-element_type=\"section\" data-e-type=\"section\">\n\t\t\t\t\t\t<div class=\"elementor-container elementor-column-gap-default\">\n\t\t\t\t\t<div class=\"elementor-column elementor-col-50 elementor-top-column elementor-element elementor-element-40e243c\" data-id=\"40e243c\" data-element_type=\"column\" data-e-type=\"column\" data-settings=\"{&quot;background_background&quot;:&quot;classic&quot;}\">\n\t\t\t<div class=\"elementor-widget-wrap elementor-element-populated\">\n\t\t\t\t\t\t<div class=\"elementor-element elementor-element-fff8028 elementor-widget elementor-widget-shortcode\" data-id=\"fff8028\" data-element_type=\"widget\" data-e-type=\"widget\" data-widget_type=\"shortcode.default\">\n\t\t\t\t<div class=\"elementor-widget-container\">\n\t\t\t\t\t\t\t<div class=\"elementor-shortcode\"><style id=\"wpforms-css-vars-1095\">\n\t\t\t\t#wpforms-1095 {\n\t\t\t\t\n\t\t\t}\n\t\t\t<\/style><div class=\"wpforms-container wpforms-container-full wpforms-render-modern\" id=\"wpforms-1095\"><form id=\"wpforms-form-1095\" class=\"wpforms-validate wpforms-form wpforms-ajax-form\" data-formid=\"1095\" method=\"post\" enctype=\"multipart\/form-data\" action=\"\/en\/wp-json\/wp\/v2\/pages\/9\" data-token=\"c09549c7ecba64e0c15d5305a91f7902\" data-token-time=\"1776284101\"><noscript class=\"wpforms-error-noscript\">Please enable JavaScript in your browser to complete this form.<\/noscript><div id=\"wpforms-error-noscript\" style=\"display: none;\">Please enable JavaScript in your browser to complete this form.<\/div><div class=\"wpforms-field-container\"><div id=\"wpforms-1095-field_0-container\" class=\"wpforms-field wpforms-field-name\" data-field-id=\"0\"><label class=\"wpforms-field-label\" for=\"wpforms-1095-field_0\">Nombre <span class=\"wpforms-required-label\" aria-hidden=\"true\">*<\/span><\/label><input type=\"text\" id=\"wpforms-1095-field_0\" class=\"wpforms-field-large wpforms-field-required\" name=\"wpforms[fields][0]\" aria-errormessage=\"wpforms-1095-field_0-error\" required><\/div><div id=\"wpforms-1095-field_1-container\" class=\"wpforms-field wpforms-field-email\" data-field-id=\"1\"><label class=\"wpforms-field-label\" for=\"wpforms-1095-field_1\">Correo electr\u00f3nico <span class=\"wpforms-required-label\" aria-hidden=\"true\">*<\/span><\/label><input type=\"email\" id=\"wpforms-1095-field_1\" class=\"wpforms-field-large wpforms-field-required\" name=\"wpforms[fields][1]\" spellcheck=\"false\" aria-errormessage=\"wpforms-1095-field_1-error\" required><\/div><div id=\"wpforms-1095-field_2-container\" class=\"wpforms-field wpforms-field-textarea\" data-field-id=\"2\"><label class=\"wpforms-field-label\" for=\"wpforms-1095-field_2\">Mensaje<\/label><textarea id=\"wpforms-1095-field_2\" class=\"wpforms-field-medium\" name=\"wpforms[fields][2]\" aria-errormessage=\"wpforms-1095-field_2-error\" ><\/textarea><\/div><\/div><!-- .wpforms-field-container --><div class=\"wpforms-recaptcha-container wpforms-is-recaptcha wpforms-is-recaptcha-type-v3\" ><input type=\"hidden\" name=\"wpforms[recaptcha]\" value=\"\"><\/div><div class=\"wpforms-submit-container\" ><input type=\"hidden\" name=\"wpforms[id]\" value=\"1095\"><input type=\"hidden\" name=\"page_title\" value=\"\"><input type=\"hidden\" name=\"page_url\" value=\"https:\/\/espa-art.com\/en\/wp-json\/wp\/v2\/pages\/9\"><input type=\"hidden\" name=\"url_referer\" value=\"\"><button type=\"submit\" name=\"wpforms[submit]\" id=\"wpforms-submit-1095\" class=\"wpforms-submit\" data-alt-text=\"Enviando...\" data-submit-text=\"Enviar\" aria-live=\"assertive\" value=\"wpforms-submit\">Enviar<\/button><img decoding=\"async\" src=\"https:\/\/espa-art.com\/wp-content\/plugins\/wpforms-lite\/assets\/images\/submit-spin.svg\" class=\"wpforms-submit-spinner\" style=\"display: none;\" width=\"26\" height=\"26\" alt=\"Loading\"><\/div><\/form><\/div>  <!-- .wpforms-container --><\/div>\n\t\t\t\t\t\t<\/div>\n\t\t\t\t<\/div>\n\t\t\t\t\t<\/div>\n\t\t<\/div>\n\t\t\t\t<div class=\"elementor-column elementor-col-50 elementor-top-column elementor-element elementor-element-e0d21c6\" data-id=\"e0d21c6\" data-element_type=\"column\" data-e-type=\"column\">\n\t\t\t<div class=\"elementor-widget-wrap elementor-element-populated\">\n\t\t\t\t\t\t<div class=\"elementor-element elementor-element-7e25d1c elementor-widget elementor-widget-heading\" data-id=\"7e25d1c\" data-element_type=\"widget\" data-e-type=\"widget\" data-widget_type=\"heading.default\">\n\t\t\t\t<div class=\"elementor-widget-container\">\n\t\t\t\t\t<h4 class=\"elementor-heading-title elementor-size-default\">no dudes en hacerlo<\/h4>\t\t\t\t<\/div>\n\t\t\t\t<\/div>\n\t\t\t\t<div class=\"elementor-element elementor-element-97da30b elementor-widget elementor-widget-heading\" data-id=\"97da30b\" data-element_type=\"widget\" data-e-type=\"widget\" data-widget_type=\"heading.default\">\n\t\t\t\t<div class=\"elementor-widget-container\">\n\t\t\t\t\t<h2 class=\"elementor-heading-title elementor-size-default\">CONTACTA CONMIGO<\/h2>\t\t\t\t<\/div>\n\t\t\t\t<\/div>\n\t\t\t\t<div class=\"elementor-element elementor-element-118d617 elementor-widget elementor-widget-text-editor\" data-id=\"118d617\" data-element_type=\"widget\" data-e-type=\"widget\" data-widget_type=\"text-editor.default\">\n\t\t\t\t<div class=\"elementor-widget-container\">\n\t\t\t\t\t\t\t\t\t<p>Si tienes cualquier duda sobre los productos a la venta en esta web, no dudes en contactarme a trav\u00e9s del formulario de contacto, o el e-mail que figura a continuaci\u00f3n:<\/p>\t\t\t\t\t\t\t\t<\/div>\n\t\t\t\t<\/div>\n\t\t\t\t<div class=\"elementor-element elementor-element-78ef53b elementor-widget elementor-widget-spacer\" data-id=\"78ef53b\" data-element_type=\"widget\" data-e-type=\"widget\" data-widget_type=\"spacer.default\">\n\t\t\t\t<div class=\"elementor-widget-container\">\n\t\t\t\t\t\t\t<div class=\"elementor-spacer\">\n\t\t\t<div class=\"elementor-spacer-inner\"><\/div>\n\t\t<\/div>\n\t\t\t\t\t\t<\/div>\n\t\t\t\t<\/div>\n\t\t\t\t<div class=\"elementor-element elementor-element-b65bffa elementor-widget elementor-widget-bridge_icon_text\" data-id=\"b65bffa\" data-element_type=\"widget\" data-e-type=\"widget\" data-widget_type=\"bridge_icon_text.default\">\n\t\t\t\t<div class=\"elementor-widget-container\">\n\t\t\t\t\t<div class='q_icon_with_title tiny normal_icon '><div class=\"icon_holder \" style=\" \"><span data-icon-type=\"normal\"  data-icon-hover-color=\"#F03476\" style=\"font-size: 17px;\" class=\"qode_iwt_icon_holder q_font_awsome_icon   \"><span aria-hidden=\"true\" class=\"qode_icon_font_elegant icon_house_alt qode_iwt_icon_element\" style=\"color: #181718;\" ><\/span><\/span><\/div><div class=\"icon_text_holder\" style=\"\"><div class=\"icon_text_inner\" style=\"\"><h5 class=\"icon_title\" style=\"\"><\/h5><p style=''><\/p><a itemprop='url' class='icon_with_title_link' href='https:\/\/www.google.com\/maps\/search\/11365+Biezen+straat\/@40.7395494,-73.7997303,15z\/data=!3m1!4b1' target='_blank' style='color: #676767;'>Alicante<\/a><\/div><\/div><\/div>\t\t\t\t<\/div>\n\t\t\t\t<\/div>\n\t\t\t\t<div class=\"elementor-element elementor-element-9afb5ec elementor-widget elementor-widget-bridge_icon_text\" data-id=\"9afb5ec\" data-element_type=\"widget\" data-e-type=\"widget\" data-widget_type=\"bridge_icon_text.default\">\n\t\t\t\t<div class=\"elementor-widget-container\">\n\t\t\t\t\t<div class='q_icon_with_title tiny normal_icon '><div class=\"icon_holder \" style=\" \"><span data-icon-type=\"normal\"  data-icon-hover-color=\"#F03476\" style=\"font-size: 17px;\" class=\"qode_iwt_icon_holder q_font_awsome_icon   \"><span aria-hidden=\"true\" class=\"qode_icon_font_elegant icon_pin_alt qode_iwt_icon_element\" style=\"color: #181718;\" ><\/span><\/span><\/div><div class=\"icon_text_holder\" style=\"\"><div class=\"icon_text_inner\" style=\"\"><h5 class=\"icon_title\" style=\"\"><\/h5><p style=''><\/p><a itemprop='url' class='icon_with_title_link' href='https:\/\/www.google.com\/maps\/search\/Brussels+PO+11690\/@50.8550625,4.3053507,12z\/data=!3m1!4b1' target='_blank' style='color: #676767;'>Espa\u00f1a<\/a><\/div><\/div><\/div>\t\t\t\t<\/div>\n\t\t\t\t<\/div>\n\t\t\t\t<div class=\"elementor-element elementor-element-68929a3 elementor-widget elementor-widget-bridge_icon_text\" data-id=\"68929a3\" data-element_type=\"widget\" data-e-type=\"widget\" data-widget_type=\"bridge_icon_text.default\">\n\t\t\t\t<div class=\"elementor-widget-container\">\n\t\t\t\t\t<div class='q_icon_with_title tiny normal_icon '><div class=\"icon_holder \" style=\" \"><span data-icon-type=\"normal\"  data-icon-hover-color=\"#F03476\" style=\"font-size: 13px;\" class=\"qode_iwt_icon_holder q_font_awsome_icon   \"><span aria-hidden=\"true\" class=\"qode_icon_font_elegant icon_mail_alt qode_iwt_icon_element\" style=\"color: #181718;\" ><\/span><\/span><\/div><div class=\"icon_text_holder\" style=\"\"><div class=\"icon_text_inner\" style=\"\"><h5 class=\"icon_title\" style=\"\"><\/h5><p style=''><\/p><a itemprop='url' class='icon_with_title_link' href='mailto: barbara@espa-art.com' target='_blank' style='color: #676767;'> barbara@espa-art.com<\/a><\/div><\/div><\/div>\t\t\t\t<\/div>\n\t\t\t\t<\/div>\n\t\t\t\t\t<\/div>\n\t\t<\/div>\n\t\t\t\t\t<\/div>\n\t\t<\/section>\n\t\t\t\t<section style=\"background-image: url(http:\/\/espa-art.com\/wp-content\/uploads\/2022\/03\/fondo11.jpg);\" class=\"parallax_section_holder elementor-section elementor-top-section elementor-element elementor-element-d19cf9c elementor-section-full_width parallax_section_holder elementor-section-height-default elementor-section-height-default qode_elementor_container_no\" data-speed=\"0\" data-id=\"d19cf9c\" data-element_type=\"section\" data-e-type=\"section\" data-settings=\"{&quot;qode_parallax_image&quot;:{&quot;url&quot;:&quot;http:\\\/\\\/espa-art.com\\\/wp-content\\\/uploads\\\/2022\\\/03\\\/fondo11.jpg&quot;,&quot;id&quot;:499,&quot;size&quot;:&quot;&quot;,&quot;alt&quot;:&quot;&quot;,&quot;source&quot;:&quot;library&quot;}}\">\n\t\t\t\t\t\t<div class=\"elementor-container elementor-column-gap-default\">\n\t\t\t\t\t<div class=\"elementor-column elementor-col-100 elementor-top-column elementor-element elementor-element-7b20f50\" data-id=\"7b20f50\" data-element_type=\"column\" data-e-type=\"column\">\n\t\t\t<div class=\"elementor-widget-wrap elementor-element-populated\">\n\t\t\t\t\t\t<div class=\"elementor-element elementor-element-e4adf04 elementor-widget elementor-widget-image\" data-id=\"e4adf04\" data-element_type=\"widget\" data-e-type=\"widget\" data-widget_type=\"image.default\">\n\t\t\t\t<div class=\"elementor-widget-container\">\n\t\t\t\t\t\t\t\t\t\t\t\t\t\t\t<img decoding=\"async\" width=\"150\" height=\"150\" src=\"https:\/\/espa-art.com\/wp-content\/uploads\/2022\/03\/logo-rosa-150x150.png\" class=\"attachment-thumbnail size-thumbnail wp-image-482\" alt=\"\" srcset=\"https:\/\/espa-art.com\/wp-content\/uploads\/2022\/03\/logo-rosa-150x150.png 150w, https:\/\/espa-art.com\/wp-content\/uploads\/2022\/03\/logo-rosa-570x570.png 570w, https:\/\/espa-art.com\/wp-content\/uploads\/2022\/03\/logo-rosa-500x500.png 500w, https:\/\/espa-art.com\/wp-content\/uploads\/2022\/03\/logo-rosa-646x650.png 646w, https:\/\/espa-art.com\/wp-content\/uploads\/2022\/03\/logo-rosa-300x300.png 300w, https:\/\/espa-art.com\/wp-content\/uploads\/2022\/03\/logo-rosa-100x100.png 100w\" sizes=\"(max-width: 150px) 100vw, 150px\" \/>\t\t\t\t\t\t\t\t\t\t\t\t\t\t\t<\/div>\n\t\t\t\t<\/div>\n\t\t\t\t\t<\/div>\n\t\t<\/div>\n\t\t\t\t\t<\/div>\n\t\t<\/section>\n\t\t\t\t<\/div>\n\t\t","protected":false},"excerpt":{"rendered":"<p>no dudes en hacerlo CONTACTA CONMIGO Si tienes cualquier duda sobre los productos a la venta en esta web, no dudes en contactarme a trav\u00e9s del formulario de contacto, o el e-mail que figura a continuaci\u00f3n: Alicante Espa\u00f1a barbara@espa-art.com<\/p>","protected":false},"author":1,"featured_media":0,"parent":0,"menu_order":0,"comment_status":"closed","ping_status":"closed","template":"full_width.php","meta":{"footnotes":""},"class_list":["post-9","page","type-page","status-publish","hentry"],"jetpack_sharing_enabled":true,"_links":{"self":[{"href":"https:\/\/espa-art.com\/en\/wp-json\/wp\/v2\/pages\/9","targetHints":{"allow":["GET"]}}],"collection":[{"href":"https:\/\/espa-art.com\/en\/wp-json\/wp\/v2\/pages"}],"about":[{"href":"https:\/\/espa-art.com\/en\/wp-json\/wp\/v2\/types\/page"}],"author":[{"embeddable":true,"href":"https:\/\/espa-art.com\/en\/wp-json\/wp\/v2\/users\/1"}],"replies":[{"embeddable":true,"href":"https:\/\/espa-art.com\/en\/wp-json\/wp\/v2\/comments?post=9"}],"version-history":[{"count":36,"href":"https:\/\/espa-art.com\/en\/wp-json\/wp\/v2\/pages\/9\/revisions"}],"predecessor-version":[{"id":1108,"href":"https:\/\/espa-art.com\/en\/wp-json\/wp\/v2\/pages\/9\/revisions\/1108"}],"wp:attachment":[{"href":"https:\/\/espa-art.com\/en\/wp-json\/wp\/v2\/media?parent=9"}],"curies":[{"name":"wp","href":"https:\/\/api.w.org\/{rel}","templated":true}]}}